{"id":408,"date":"2025-07-16T16:26:23","date_gmt":"2025-07-16T15:26:23","guid":{"rendered":"https:\/\/falegnameriafaro.it\/?page_id=408"},"modified":"2025-10-27T16:25:58","modified_gmt":"2025-10-27T15:25:58","slug":"produzione","status":"publish","type":"page","link":"https:\/\/falegnameriafaro.it\/index.php\/produzione\/","title":{"rendered":"Produzione"},"content":{"rendered":"\t\t<div data-elementor-type=\"wp-page\" data-elementor-id=\"408\" class=\"elementor elementor-408\">\n\t\t\t\t<div class=\"elementor-element elementor-element-2cffaefa e-flex e-con-boxed e-con e-parent\" data-id=\"2cffaefa\" data-element_type=\"container\" data-settings=\"{&quot;background_background&quot;:&quot;classic&quot;}\">\n\t\t\t\t\t<div class=\"e-con-inner\">\n\t\t\t\t<div class=\"elementor-element elementor-element-62e7bae2 elementor-widget__width-initial elementor-widget elementor-widget-elementskit-heading\" data-id=\"62e7bae2\" data-element_type=\"widget\" data-widget_type=\"elementskit-heading.default\">\n\t\t\t\t\t<div class=\"ekit-wid-con\" ><div class=\"ekit-heading elementskit-section-title-wraper text_left   ekit_heading_tablet-   ekit_heading_mobile-\"><h1 class=\"ekit-heading--title elementskit-section-title \">PRODUZIONE<\/h1><\/div><\/div>\t\t\t\t<\/div>\n\t\t\t\t\t<\/div>\n\t\t\t\t<\/div>\n\t\t<div class=\"elementor-element elementor-element-5bc66e8d e-flex e-con-boxed e-con e-parent\" data-id=\"5bc66e8d\" data-element_type=\"container\">\n\t\t\t\t\t<div class=\"e-con-inner\">\n\t\t<div class=\"elementor-element elementor-element-6a2e71f0 e-con-full e-flex e-con e-child\" data-id=\"6a2e71f0\" data-element_type=\"container\">\n\t\t\t\t<div class=\"elementor-element elementor-element-24c06be8 elementor-widget elementor-widget-image\" data-id=\"24c06be8\" data-element_type=\"widget\" data-widget_type=\"image.default\">\n\t\t\t\t\t\t\t\t\t\t\t\t\t\t\t<img fetchpriority=\"high\" decoding=\"async\" width=\"800\" height=\"534\" src=\"https:\/\/falegnameriafaro.it\/wp-content\/uploads\/2025\/07\/DR_2321-1024x683.jpg\" class=\"attachment-large size-large wp-image-506\" alt=\"Produzione fusti in legno su misura - VILLANOVA DI CAMPOSAMPIERO\" srcset=\"https:\/\/falegnameriafaro.it\/wp-content\/uploads\/2025\/07\/DR_2321-1024x683.jpg 1024w, https:\/\/falegnameriafaro.it\/wp-content\/uploads\/2025\/07\/DR_2321-300x200.jpg 300w, https:\/\/falegnameriafaro.it\/wp-content\/uploads\/2025\/07\/DR_2321-768x512.jpg 768w, https:\/\/falegnameriafaro.it\/wp-content\/uploads\/2025\/07\/DR_2321.jpg 1260w\" sizes=\"(max-width: 800px) 100vw, 800px\" \/>\t\t\t\t\t\t\t\t\t\t\t\t\t\t\t<\/div>\n\t\t\t\t<\/div>\n\t\t<div class=\"elementor-element elementor-element-3faeb845 e-con-full e-flex e-con e-child\" data-id=\"3faeb845\" data-element_type=\"container\">\n\t\t\t\t<div class=\"elementor-element elementor-element-541aa7e1 elementor-widget elementor-widget-elementskit-heading\" data-id=\"541aa7e1\" data-element_type=\"widget\" data-widget_type=\"elementskit-heading.default\">\n\t\t\t\t\t<div class=\"ekit-wid-con\" ><div class=\"ekit-heading elementskit-section-title-wraper text_left   ekit_heading_tablet-   ekit_heading_mobile-\"><h2 class=\"ekit-heading--title elementskit-section-title \">Progettazione fusti in legno <span><span>su misura<\/span><\/span><\/h2>\t\t\t\t<div class='ekit-heading__description'>\n\t\t\t\t\t<p class=\"p1\"><strong>Per poter competere nel settore dell'arredamento di alta qualit\u00e0 non \u00e8 sufficiente l'estetica dei prodotti ma \u00e8 necessario uno studio approfondito dei materiali e delle strutture.<\/strong><\/p>\n<p>\u00a0<\/p>\n<p class=\"p1\">Offriamo un <strong>servizio dedicato di progettazione e sviluppo dei fusti e strutture in legno,<\/strong> dalla consulenza durante la fase iniziale di ideazione di un prototipo fino alla sua realizzazione, <strong>proponendo soluzioni innovative e funzionali.<\/strong><\/p>\n<p>\u00a0<\/p>\n<p class=\"p1\">Questo permette di <strong>assicurare costantemente ai nostri Partner un adeguato equilibrio tra economicit\u00e0 e rapidit\u00e0 di produzione senza mai compromettere l'elevata qualit\u00e0 che ci contraddistingue.<\/strong><\/p>\n\t\t\t\t<\/div>\n\t\t\t<\/div><\/div>\t\t\t\t<\/div>\n\t\t\t\t<\/div>\n\t\t\t\t\t<\/div>\n\t\t\t\t<\/div>\n\t\t<div class=\"elementor-element elementor-element-672671c e-flex e-con-boxed e-con e-parent\" data-id=\"672671c\" data-element_type=\"container\">\n\t\t\t\t\t<div class=\"e-con-inner\">\n\t\t<div class=\"elementor-element elementor-element-c84a326 e-con-full e-flex e-con e-child\" data-id=\"c84a326\" data-element_type=\"container\">\n\t\t\t\t<div class=\"elementor-element elementor-element-0fd0bbc elementor-widget elementor-widget-elementskit-heading\" data-id=\"0fd0bbc\" data-element_type=\"widget\" data-widget_type=\"elementskit-heading.default\">\n\t\t\t\t\t<div class=\"ekit-wid-con\" ><div class=\"ekit-heading elementskit-section-title-wraper text_left   ekit_heading_tablet-   ekit_heading_mobile-\"><h2 class=\"ekit-heading--title elementskit-section-title \"><span><span>Produzione<\/span><\/span> strutture in legno per letti e divani<\/h2>\t\t\t\t<div class='ekit-heading__description'>\n\t\t\t\t\t<p class=\"p1\"><strong>La nostra produzione parte dalle vostre idee.<\/strong><\/p>\n<p>Una volta ricevuto il vostro progetto, lo analizziamo, selezioniamo accuratamente i materiali, per poi procedere allo sviluppo delle schede di lavoro.<\/p>\n<p>\u00a0<\/p>\n<p><strong> Grazie ai nostri controlli numerici e a tutto il nostro parco macchine, tagliamo il legno con precisione, per poi terminare il prodotto con la fase di assemblaggio.<\/strong> Tutte le strutture sono studiate per garantire una <strong>qualit\u00e0 che duri nel tempo.<\/strong><\/p>\n<p>\u00a0<\/p>\n<p>Ci occupiamo principalmente di <strong>strutture per divani, letti, poltrone, pouf, sedie e sgabelli, sedute in genere, pannelli fonoassorbenti<\/strong>, ma negli anni abbiamo sviluppato le pi\u00f9 svariate tipologie di strutture, come anche ad esempio <strong>installazioni per mostre d\u2019arte contemporanea<\/strong>.<\/p>\n<p>\u00a0<\/p>\n<p><strong>Dal singolo pezzo tailor-made alla produzione in serie<\/strong>, ogni progetto viene seguito con la stessa passione e attenzione che da sempre ci caratterizza.<\/p>\n<p>\u00a0<\/p>\n<p>Inoltre, Fa.Ro. Srl \u00e8 un\u2019Azienda certificata\u00a0<strong>ISO 9001:2015<\/strong>.<\/p>\n\t\t\t\t<\/div>\n\t\t\t<\/div><\/div>\t\t\t\t<\/div>\n\t\t\t\t<\/div>\n\t\t<div class=\"elementor-element elementor-element-d8e5c7d e-con-full e-flex e-con e-child\" data-id=\"d8e5c7d\" data-element_type=\"container\">\n\t\t\t\t<div class=\"elementor-element elementor-element-2605c93 elementor-widget elementor-widget-image\" data-id=\"2605c93\" data-element_type=\"widget\" data-widget_type=\"image.default\">\n\t\t\t\t\t\t\t\t\t\t\t\t\t\t\t<img decoding=\"async\" width=\"800\" height=\"533\" src=\"https:\/\/falegnameriafaro.it\/wp-content\/uploads\/2025\/07\/DR_2192-1024x682.jpg\" class=\"attachment-large size-large wp-image-549\" alt=\"Disegno e Produzione fusti in legno su misura - VILLANOVA DI CAMPOSAMPIERO\" srcset=\"https:\/\/falegnameriafaro.it\/wp-content\/uploads\/2025\/07\/DR_2192-1024x682.jpg 1024w, https:\/\/falegnameriafaro.it\/wp-content\/uploads\/2025\/07\/DR_2192-300x200.jpg 300w, https:\/\/falegnameriafaro.it\/wp-content\/uploads\/2025\/07\/DR_2192-768x512.jpg 768w, https:\/\/falegnameriafaro.it\/wp-content\/uploads\/2025\/07\/DR_2192.jpg 1223w\" sizes=\"(max-width: 800px) 100vw, 800px\" \/>\t\t\t\t\t\t\t\t\t\t\t\t\t\t\t<\/div>\n\t\t\t\t<div class=\"elementor-element elementor-element-962b82a elementor-widget elementor-widget-image\" data-id=\"962b82a\" data-element_type=\"widget\" data-widget_type=\"image.default\">\n\t\t\t\t\t\t\t\t\t\t\t\t\t\t\t<img decoding=\"async\" width=\"800\" height=\"533\" src=\"https:\/\/falegnameriafaro.it\/wp-content\/uploads\/2025\/07\/DR_2183-1024x682.jpg\" class=\"attachment-large size-large wp-image-546\" alt=\"Disegno e Produzione fusti in legno su misura - VILLANOVA DI CAMPOSAMPIERO\" srcset=\"https:\/\/falegnameriafaro.it\/wp-content\/uploads\/2025\/07\/DR_2183-1024x682.jpg 1024w, https:\/\/falegnameriafaro.it\/wp-content\/uploads\/2025\/07\/DR_2183-300x200.jpg 300w, https:\/\/falegnameriafaro.it\/wp-content\/uploads\/2025\/07\/DR_2183-768x512.jpg 768w, https:\/\/falegnameriafaro.it\/wp-content\/uploads\/2025\/07\/DR_2183.jpg 1247w\" sizes=\"(max-width: 800px) 100vw, 800px\" \/>\t\t\t\t\t\t\t\t\t\t\t\t\t\t\t<\/div>\n\t\t\t\t<\/div>\n\t\t\t\t\t<\/div>\n\t\t\t\t<\/div>\n\t\t<div class=\"elementor-element elementor-element-9a4d1a4 e-flex e-con-boxed e-con e-parent\" data-id=\"9a4d1a4\" data-element_type=\"container\">\n\t\t\t\t\t<div class=\"e-con-inner\">\n\t\t<div class=\"elementor-element elementor-element-457b0e0 e-con-full e-flex e-con e-child\" data-id=\"457b0e0\" data-element_type=\"container\">\n\t\t\t\t<div class=\"elementor-element elementor-element-437c2b3 elementor-widget elementor-widget-image\" data-id=\"437c2b3\" data-element_type=\"widget\" data-widget_type=\"image.default\">\n\t\t\t\t\t\t\t\t\t\t\t\t\t\t\t<img loading=\"lazy\" decoding=\"async\" width=\"800\" height=\"534\" src=\"https:\/\/falegnameriafaro.it\/wp-content\/uploads\/2025\/07\/DR_2213-1024x683.jpg\" class=\"attachment-large size-large wp-image-523\" alt=\"Lavorazione a mano - Disegno e Produzione fusti in legno su misura - VILLANOVA DI CAMPOSAMPIERO\" srcset=\"https:\/\/falegnameriafaro.it\/wp-content\/uploads\/2025\/07\/DR_2213-1024x683.jpg 1024w, https:\/\/falegnameriafaro.it\/wp-content\/uploads\/2025\/07\/DR_2213-300x200.jpg 300w, https:\/\/falegnameriafaro.it\/wp-content\/uploads\/2025\/07\/DR_2213-768x512.jpg 768w, https:\/\/falegnameriafaro.it\/wp-content\/uploads\/2025\/07\/DR_2213.jpg 1249w\" sizes=\"(max-width: 800px) 100vw, 800px\" \/>\t\t\t\t\t\t\t\t\t\t\t\t\t\t\t<\/div>\n\t\t\t\t<\/div>\n\t\t<div class=\"elementor-element elementor-element-10f579f e-con-full e-flex e-con e-child\" data-id=\"10f579f\" data-element_type=\"container\">\n\t\t\t\t<div class=\"elementor-element elementor-element-637e30d elementor-widget elementor-widget-image\" data-id=\"637e30d\" data-element_type=\"widget\" data-widget_type=\"image.default\">\n\t\t\t\t\t\t\t\t\t\t\t\t\t\t\t<img loading=\"lazy\" decoding=\"async\" width=\"800\" height=\"533\" src=\"https:\/\/falegnameriafaro.it\/wp-content\/uploads\/2025\/07\/fusti-in-legno-per-letti-e-divani.webp\" class=\"attachment-large size-large wp-image-349\" alt=\"\" srcset=\"https:\/\/falegnameriafaro.it\/wp-content\/uploads\/2025\/07\/fusti-in-legno-per-letti-e-divani.webp 900w, https:\/\/falegnameriafaro.it\/wp-content\/uploads\/2025\/07\/fusti-in-legno-per-letti-e-divani-300x200.webp 300w, https:\/\/falegnameriafaro.it\/wp-content\/uploads\/2025\/07\/fusti-in-legno-per-letti-e-divani-768x512.webp 768w\" sizes=\"(max-width: 800px) 100vw, 800px\" \/>\t\t\t\t\t\t\t\t\t\t\t\t\t\t\t<\/div>\n\t\t\t\t<\/div>\n\t\t\t\t\t<\/div>\n\t\t\t\t<\/div>\n\t\t<div class=\"elementor-element elementor-element-782bd23c e-flex e-con-boxed e-con e-parent\" data-id=\"782bd23c\" data-element_type=\"container\">\n\t\t\t\t\t<div class=\"e-con-inner\">\n\t\t<div class=\"elementor-element elementor-element-6f4364fc e-con-full e-grid e-con e-child\" data-id=\"6f4364fc\" data-element_type=\"container\">\n\t\t\t\t<div class=\"elementor-element elementor-element-77500c ekit-equal-height-disable elementor-widget elementor-widget-elementskit-icon-box\" data-id=\"77500c\" data-element_type=\"widget\" data-widget_type=\"elementskit-icon-box.default\">\n\t\t\t\t\t<div class=\"ekit-wid-con\" >        <!-- link opening -->\n                <!-- end link opening -->\n\n        <div class=\"elementskit-infobox text-center text- icon-top-align elementor-animation-   \">\n                            <div class=\"elementskit-box-header\">\n                <div class=\"elementskit-info-box-icon \">\n                    <img loading=\"lazy\" decoding=\"async\" width=\"512\" height=\"512\" src=\"https:\/\/falegnameriafaro.it\/wp-content\/uploads\/2025\/07\/progettazione.png.webp\" class=\"attachment- size-\" alt=\"\" srcset=\"https:\/\/falegnameriafaro.it\/wp-content\/uploads\/2025\/07\/progettazione.png.webp 512w, https:\/\/falegnameriafaro.it\/wp-content\/uploads\/2025\/07\/progettazione.png-300x300.webp 300w, https:\/\/falegnameriafaro.it\/wp-content\/uploads\/2025\/07\/progettazione.png-150x150.webp 150w\" sizes=\"(max-width: 512px) 100vw, 512px\" \/>                <\/div>\n          <\/div>\n                <div class=\"box-body\">\n                            <h3 class=\"elementskit-info-box-title\">\n                    Progettazione                <\/h3>\n                        \t\t  \t<p>Utilizziamo i software pi\u00f9 avanzati per la progettazione e lo sviluppo del Prodotto, lavorando con file .dwg, .dxf, .3dm.<\/p>\n                                <\/div>\n        \n        \n                <\/div>\n        <\/div>\t\t\t\t<\/div>\n\t\t\t\t<div class=\"elementor-element elementor-element-ffabd23 ekit-equal-height-disable elementor-widget elementor-widget-elementskit-icon-box\" data-id=\"ffabd23\" data-element_type=\"widget\" data-widget_type=\"elementskit-icon-box.default\">\n\t\t\t\t\t<div class=\"ekit-wid-con\" >        <!-- link opening -->\n                <!-- end link opening -->\n\n        <div class=\"elementskit-infobox text-center text- icon-top-align elementor-animation-   \">\n                            <div class=\"elementskit-box-header\">\n                <div class=\"elementskit-info-box-icon \">\n                    <img loading=\"lazy\" decoding=\"async\" width=\"512\" height=\"512\" src=\"https:\/\/falegnameriafaro.it\/wp-content\/uploads\/2025\/07\/divano.png-1.webp\" class=\"attachment- size-\" alt=\"\" srcset=\"https:\/\/falegnameriafaro.it\/wp-content\/uploads\/2025\/07\/divano.png-1.webp 512w, https:\/\/falegnameriafaro.it\/wp-content\/uploads\/2025\/07\/divano.png-1-300x300.webp 300w, https:\/\/falegnameriafaro.it\/wp-content\/uploads\/2025\/07\/divano.png-1-150x150.webp 150w\" sizes=\"(max-width: 512px) 100vw, 512px\" \/>                <\/div>\n          <\/div>\n                <div class=\"box-body\">\n                            <h3 class=\"elementskit-info-box-title\">\n                    Produzione                <\/h3>\n                        \t\t  \t<p>I nostri macchinari all\u2019avanguardia permettono di realizzare un prodotto di precisione, seguendo i disegni realizzati in fase di progettazione.<\/p>\n                                <\/div>\n        \n        \n                <\/div>\n        <\/div>\t\t\t\t<\/div>\n\t\t\t\t<div class=\"elementor-element elementor-element-f9ad168 ekit-equal-height-disable elementor-widget elementor-widget-elementskit-icon-box\" data-id=\"f9ad168\" data-element_type=\"widget\" data-widget_type=\"elementskit-icon-box.default\">\n\t\t\t\t\t<div class=\"ekit-wid-con\" >        <!-- link opening -->\n                <!-- end link opening -->\n\n        <div class=\"elementskit-infobox text-center text- icon-top-align elementor-animation-   \">\n                            <div class=\"elementskit-box-header\">\n                <div class=\"elementskit-info-box-icon \">\n                    <img loading=\"lazy\" decoding=\"async\" width=\"512\" height=\"512\" src=\"https:\/\/falegnameriafaro.it\/wp-content\/uploads\/2025\/07\/materiali_qualita.png.webp\" class=\"attachment- size-\" alt=\"\" srcset=\"https:\/\/falegnameriafaro.it\/wp-content\/uploads\/2025\/07\/materiali_qualita.png.webp 512w, https:\/\/falegnameriafaro.it\/wp-content\/uploads\/2025\/07\/materiali_qualita.png-300x300.webp 300w, https:\/\/falegnameriafaro.it\/wp-content\/uploads\/2025\/07\/materiali_qualita.png-150x150.webp 150w\" sizes=\"(max-width: 512px) 100vw, 512px\" \/>                <\/div>\n          <\/div>\n                <div class=\"box-body\">\n                            <h3 class=\"elementskit-info-box-title\">\n                    Qualit\u00e0                <\/h3>\n                        \t\t  \t<p>Ci\u00f2 che \u00e8 stato prodotto viene archiviato e conservato per almeno 5 anni. La nostra azienda \u00e8 certificata ISO 9001:2015.<\/p>\n                                <\/div>\n        \n        \n                <\/div>\n        <\/div>\t\t\t\t<\/div>\n\t\t\t\t<\/div>\n\t\t\t\t\t<\/div>\n\t\t\t\t<\/div>\n\t\t<div class=\"elementor-element elementor-element-38032cc e-flex e-con-boxed e-con e-parent\" data-id=\"38032cc\" data-element_type=\"container\" data-settings=\"{&quot;background_background&quot;:&quot;classic&quot;}\">\n\t\t\t\t\t<div class=\"e-con-inner\">\n\t\t\t\t<div class=\"elementor-element elementor-element-030ca4f elementor-widget__width-inherit elementor-widget elementor-widget-elementskit-heading\" data-id=\"030ca4f\" data-element_type=\"widget\" data-widget_type=\"elementskit-heading.default\">\n\t\t\t\t\t<div class=\"ekit-wid-con\" ><div class=\"ekit-heading elementskit-section-title-wraper text_center   ekit_heading_tablet-   ekit_heading_mobile-\"><h2 class=\"ekit-heading--title elementskit-section-title \">Maggiori informazioni?<\/h2><p class=\"ekit-heading--subtitle elementskit-section-subtitle  \">\n\t\t\t\t\t\tContattaci!\n\t\t\t\t\t<\/p>\t\t\t\t<div class='ekit-heading__description'>\n\t\t\t\t\t<p class=\"p1\">Siamo sempre disponibili per lo sviluppo di nuovi prodotti<\/p>\n\t\t\t\t<\/div>\n\t\t\t<\/div><\/div>\t\t\t\t<\/div>\n\t\t\t\t\t<\/div>\n\t\t\t\t<\/div>\n\t\t<div class=\"elementor-element elementor-element-28c7c505 e-flex e-con-boxed e-con e-parent\" data-id=\"28c7c505\" data-element_type=\"container\" data-settings=\"{&quot;background_background&quot;:&quot;classic&quot;}\">\n\t\t\t\t\t<div class=\"e-con-inner\">\n\t\t<div class=\"elementor-element elementor-element-591447c4 e-con-full e-flex e-con e-child\" data-id=\"591447c4\" data-element_type=\"container\">\n\t\t<div class=\"elementor-element elementor-element-41191328 e-con-full e-flex e-con e-child\" data-id=\"41191328\" data-element_type=\"container\" data-settings=\"{&quot;background_background&quot;:&quot;classic&quot;}\">\n\t\t\t\t<div class=\"elementor-element elementor-element-2533654b ekit-equal-height-disable elementor-widget elementor-widget-elementskit-icon-box\" data-id=\"2533654b\" data-element_type=\"widget\" data-widget_type=\"elementskit-icon-box.default\">\n\t\t\t\t\t<div class=\"ekit-wid-con\" >        <!-- link opening -->\n                <!-- end link opening -->\n\n        <div class=\"elementskit-infobox text-left text-left icon-top-align elementor-animation-   \">\n                    <div class=\"elementskit-box-header elementor-animation-\">\n                <div class=\"elementskit-info-box-icon  \">\n                    <svg aria-hidden=\"true\" class=\"elementkit-infobox-icon e-font-icon-svg e-fas-map-marker-alt\" viewBox=\"0 0 384 512\" xmlns=\"http:\/\/www.w3.org\/2000\/svg\"><path d=\"M172.268 501.67C26.97 291.031 0 269.413 0 192 0 85.961 85.961 0 192 0s192 85.961 192 192c0 77.413-26.97 99.031-172.268 309.67-9.535 13.774-29.93 13.773-39.464 0zM192 272c44.183 0 80-35.817 80-80s-35.817-80-80-80-80 35.817-80 80 35.817 80 80 80z\"><\/path><\/svg>\n                <\/div>\n          <\/div>\n                        <div class=\"box-body\">\n                            <h3 class=\"elementskit-info-box-title\">\n                    Indirizzo:                <\/h3>\n                        \t\t  \t<p> <\/p>\n                                <\/div>\n        \n        \n                <\/div>\n        <\/div>\t\t\t\t<\/div>\n\t\t\t\t<div class=\"elementor-element elementor-element-888e2d4 elementor-widget elementor-widget-heading\" data-id=\"888e2d4\" data-element_type=\"widget\" data-widget_type=\"heading.default\">\n\t\t\t\t\t<h6 class=\"elementor-heading-title elementor-size-default\"><a href=\"https:\/\/maps.app.goo.gl\/NiHp4XDyFwbay36WA\">Via Guglielmo Marconi, 74<br>\n35010 - Villanova di Camposampiero PD<\/a><\/h6>\t\t\t\t<\/div>\n\t\t\t\t<\/div>\n\t\t<div class=\"elementor-element elementor-element-64950ec2 e-con-full e-flex e-con e-child\" data-id=\"64950ec2\" data-element_type=\"container\" data-settings=\"{&quot;background_background&quot;:&quot;classic&quot;}\">\n\t\t\t\t<div class=\"elementor-element elementor-element-10e6fc51 ekit-equal-height-disable elementor-widget elementor-widget-elementskit-icon-box\" data-id=\"10e6fc51\" data-element_type=\"widget\" data-widget_type=\"elementskit-icon-box.default\">\n\t\t\t\t\t<div class=\"ekit-wid-con\" >        <!-- link opening -->\n                <!-- end link opening -->\n\n        <div class=\"elementskit-infobox text-left text-left icon-top-align elementor-animation-   \">\n                    <div class=\"elementskit-box-header elementor-animation-\">\n                <div class=\"elementskit-info-box-icon  \">\n                    <i aria-hidden=\"true\" class=\"elementkit-infobox-icon fasicon icon-phone-call1\"><\/i>\n                <\/div>\n          <\/div>\n                        <div class=\"box-body\">\n                            <h3 class=\"elementskit-info-box-title\">\n                    Telefono:                <\/h3>\n                        \t\t  \t<p> <\/p>\n                                <\/div>\n        \n        \n                <\/div>\n        <\/div>\t\t\t\t<\/div>\n\t\t\t\t<div class=\"elementor-element elementor-element-de4bd95 elementor-widget elementor-widget-heading\" data-id=\"de4bd95\" data-element_type=\"widget\" data-widget_type=\"heading.default\">\n\t\t\t\t\t<h6 class=\"elementor-heading-title elementor-size-default\"><a href=\"tel:+390499221898\">+39 049 9221898<\/a><\/h6>\t\t\t\t<\/div>\n\t\t\t\t<\/div>\n\t\t<div class=\"elementor-element elementor-element-3395d985 e-con-full e-flex e-con e-child\" data-id=\"3395d985\" data-element_type=\"container\" data-settings=\"{&quot;background_background&quot;:&quot;classic&quot;}\">\n\t\t\t\t<div class=\"elementor-element elementor-element-7350c5fc ekit-equal-height-disable elementor-widget elementor-widget-elementskit-icon-box\" data-id=\"7350c5fc\" data-element_type=\"widget\" data-widget_type=\"elementskit-icon-box.default\">\n\t\t\t\t\t<div class=\"ekit-wid-con\" >        <!-- link opening -->\n                <!-- end link opening -->\n\n        <div class=\"elementskit-infobox text-left text-left icon-top-align elementor-animation-   \">\n                    <div class=\"elementskit-box-header elementor-animation-\">\n                <div class=\"elementskit-info-box-icon  \">\n                    <i aria-hidden=\"true\" class=\"elementkit-infobox-icon fasicon icon-email1\"><\/i>\n                <\/div>\n          <\/div>\n                        <div class=\"box-body\">\n                            <h3 class=\"elementskit-info-box-title\">\n                    Email                <\/h3>\n                        \t\t  \t<p> <\/p>\n                                <\/div>\n        \n        \n                <\/div>\n        <\/div>\t\t\t\t<\/div>\n\t\t\t\t<div class=\"elementor-element elementor-element-58496a8d elementor-widget elementor-widget-heading\" data-id=\"58496a8d\" data-element_type=\"widget\" data-widget_type=\"heading.default\">\n\t\t\t\t\t<h6 class=\"elementor-heading-title elementor-size-default\"><a href=\"mailto:farosalotti@gmail.com\">farosalotti@gmail.com<\/a><\/h6>\t\t\t\t<\/div>\n\t\t\t\t<\/div>\n\t\t\t\t<\/div>\n\t\t\t\t\t<\/div>\n\t\t\t\t<\/div>\n\t\t\t\t<\/div>\n\t\t","protected":false},"excerpt":{"rendered":"<p>PRODUZIONE Progettazione fusti in legno su misura Per poter competere nel settore dell&#8217;arredamento di alta qualit\u00e0 non \u00e8 sufficiente l&#8217;estetica dei prodotti ma \u00e8 necessario uno studio approfondito dei materiali e delle strutture. \u00a0 Offriamo un servizio dedicato di progettazione e sviluppo dei fusti e strutture in legno, dalla consulenza durante la fase iniziale di [&hellip;]<\/p>\n","protected":false},"author":1,"featured_media":0,"parent":0,"menu_order":0,"comment_status":"closed","ping_status":"closed","template":"elementor_canvas","meta":{"footnotes":""},"class_list":["post-408","page","type-page","status-publish","hentry"],"_links":{"self":[{"href":"https:\/\/falegnameriafaro.it\/index.php\/wp-json\/wp\/v2\/pages\/408","targetHints":{"allow":["GET"]}}],"collection":[{"href":"https:\/\/falegnameriafaro.it\/index.php\/wp-json\/wp\/v2\/pages"}],"about":[{"href":"https:\/\/falegnameriafaro.it\/index.php\/wp-json\/wp\/v2\/types\/page"}],"author":[{"embeddable":true,"href":"https:\/\/falegnameriafaro.it\/index.php\/wp-json\/wp\/v2\/users\/1"}],"replies":[{"embeddable":true,"href":"https:\/\/falegnameriafaro.it\/index.php\/wp-json\/wp\/v2\/comments?post=408"}],"version-history":[{"count":20,"href":"https:\/\/falegnameriafaro.it\/index.php\/wp-json\/wp\/v2\/pages\/408\/revisions"}],"predecessor-version":[{"id":765,"href":"https:\/\/falegnameriafaro.it\/index.php\/wp-json\/wp\/v2\/pages\/408\/revisions\/765"}],"wp:attachment":[{"href":"https:\/\/falegnameriafaro.it\/index.php\/wp-json\/wp\/v2\/media?parent=408"}],"curies":[{"name":"wp","href":"https:\/\/api.w.org\/{rel}","templated":true}]}}