{"id":447,"date":"2025-07-16T16:52:27","date_gmt":"2025-07-16T15:52:27","guid":{"rendered":"https:\/\/falegnameriafaro.it\/?page_id=447"},"modified":"2025-07-22T13:36:12","modified_gmt":"2025-07-22T12:36:12","slug":"privacy-policy","status":"publish","type":"page","link":"https:\/\/falegnameriafaro.it\/index.php\/privacy-policy\/","title":{"rendered":"Privacy Policy"},"content":{"rendered":"\t\t<div data-elementor-type=\"wp-page\" data-elementor-id=\"447\" class=\"elementor elementor-447\">\n\t\t\t\t<div class=\"elementor-element elementor-element-2cffaefa e-flex e-con-boxed e-con e-parent\" data-id=\"2cffaefa\" data-element_type=\"container\" data-settings=\"{&quot;background_background&quot;:&quot;classic&quot;}\">\n\t\t\t\t\t<div class=\"e-con-inner\">\n\t\t\t\t<div class=\"elementor-element elementor-element-62e7bae2 elementor-widget__width-initial elementor-widget elementor-widget-elementskit-heading\" data-id=\"62e7bae2\" data-element_type=\"widget\" data-widget_type=\"elementskit-heading.default\">\n\t\t\t\t\t<div class=\"ekit-wid-con\" ><div class=\"ekit-heading elementskit-section-title-wraper text_left   ekit_heading_tablet-   ekit_heading_mobile-\"><h1 class=\"ekit-heading--title elementskit-section-title \">PRIVACY POLICY<\/h1><\/div><\/div>\t\t\t\t<\/div>\n\t\t\t\t\t<\/div>\n\t\t\t\t<\/div>\n\t\t<div class=\"elementor-element elementor-element-5bc66e8d e-flex e-con-boxed e-con e-parent\" data-id=\"5bc66e8d\" data-element_type=\"container\">\n\t\t\t\t\t<div class=\"e-con-inner\">\n\t\t<div class=\"elementor-element elementor-element-3faeb845 e-con-full e-flex e-con e-child\" data-id=\"3faeb845\" data-element_type=\"container\">\n\t\t\t\t<div class=\"elementor-element elementor-element-541aa7e1 elementor-widget elementor-widget-elementskit-heading\" data-id=\"541aa7e1\" data-element_type=\"widget\" data-widget_type=\"elementskit-heading.default\">\n\t\t\t\t\t<div class=\"ekit-wid-con\" ><div class=\"ekit-heading elementskit-section-title-wraper text_left   ekit_heading_tablet-   ekit_heading_mobile-\"><h2 class=\"ekit-heading--title elementskit-section-title \">INFORMAZIONI SUL TRATTAMENTO DEI DATI PERSONALI<\/h2>\t\t\t\t<div class='ekit-heading__description'>\n\t\t\t\t\t<p>ai sensi dell\u2019Art. 13 del Regolamento (UE) 679\/2016 (il \u201cGDPR\u201d)<\/p>\n<p>In questa pagina sono descritte le caratteristiche del trattamento dei dati personali degli utenti (gli \u201c<strong>Utenti<\/strong>\u201d) del sito web https:\/\/www.faro.it (il \u201cSito\u201d).<\/p>\n<p>* * * * * * *<\/p>\n<p>Le informazioni che trovi in questa pagina non si applicano a siti, app e contenuti di terzi di qualsiasi genere, neppure se accessibili dal Sito cliccando su link in esso presenti.<\/p>\n<p>In questi casi potranno essere applicabili le disposizioni sulla protezione dei dati di tali terzi, che possono essere diverse da queste e che ti consigliamo di consultare prima della comunicazione di qualsiasi dato.<\/p>\n<p>* * * * * * *<\/p>\n<p><strong>1 \u2013 Titolare del trattamento e dati di contatto del Titolare<\/strong><\/p>\n<p>Ai fini di cui alla presente informativa, titolare del trattamento \u00e8 la societ\u00e0 Fa.Ro. srl, con sede legale in Via Guglielmo Marconi, 74 35010<br \/>Villanova di Camposampiero (PD) , P.IVA 01400510283 (di seguito semplicemente \u201c<strong>Fa.Ro.<\/strong>\u00a0\u201d, la \u201c<strong>Societ\u00e0<\/strong>\u201d o il \u201c<strong>Titolare<\/strong>\u201d).<\/p>\n<p>Per sciogliere qualsiasi dubbio su come il Titolare tratta i dati personali, \u00e8 sempre possibile contattarla:<\/p>\n<p>\u2013 All\u2019indirizzo e-mail farosalotti@gmail.com<\/p>\n<p>\u2013 All\u2019indirizzo in Via Guglielmo Marconi, 74 35010 Villanova di Camposampiero (PD)<\/p>\n<p><strong>2 \u2013 Modalit\u00e0 di raccolta dei dati e tipologie di dati trattati<\/strong><\/p>\n<p><strong><em>Dati di navigazione raccolti automaticamente dal Sito: dati di accesso e navigazione<\/em><\/strong><\/p>\n<p>Ogniqualvolta gli Utenti accedono al Sito, i sistemi informatici e le procedure software preposte al funzionamento del Sito acquisiscono, nel corso del loro normale esercizio, i dati di accesso e navigazione (ad esempio: informazioni sul browser utilizzato dall\u2019Utente, pagine visitate, data, ora e durata di ciascuna visita, nonch\u00e9 altri parametri relativi al sistema operativo e all\u2019ambiente informatico dell\u2019Utente \u2013 i \u201c<strong>Dati di Navigazione<\/strong>\u201d).<\/p>\n<p><strong><em>Dati comunicati dagli Utenti: dati di registrazione come \u201cnuovo utente\u201d<\/em><\/strong><\/p>\n<p>Attraverso la sezione \u201cEstensione della garanzia\u201d gli utenti possono registrarsi al Sito inserendo in una prima schermata l\u2019indirizzo e-mail e la password. Successivamente all\u2019iscrizione \u00e8 data agli Utenti la possibilit\u00e0 di aggiornare il proprio profilo web aggiungendo ulteriori dati personali (i.e. nome; cognome; nazione; citt\u00e0; sesso) (i \u201c<strong>Dati Comunicati<\/strong>\u201d).<\/p>\n<p>I Dati di Navigazione e i Dati Comunicati, indicati congiuntamente come i\u00a0<strong>Dati Personali<\/strong>.<\/p>\n<p><strong>Cookies<\/strong><\/p>\n<p>Nel Sito sono utilizzate delle tecniche informatiche per l\u2019acquisizione diretta di dati personali identificativi dell\u2019utente consistenti in \u201cstringhe di codice\u201d: i \u201ccookies\u201d.<br \/>Per tutte le informazioni sui cookies attivi sul Sito e sui correlati trattamenti dei dati personali e le loro caratteristiche consulta la pagina inerente alla Cookie Policy<\/p>\n<p><strong>3 \u2013 Finalit\u00e0 e base giuridica del trattamento<\/strong><\/p>\n<p><strong>I Dati di Navigazione<\/strong>\u00a0saranno utilizzati: (i) al fine di monitorare il corretto funzionamento del Sito, (ii) in forma anonima e aggregata, per finalit\u00e0 statistiche legate alla comprensione di come il Sito viene utilizzato dagli Utenti, per migliorare la facilit\u00e0 di accesso e aumentarne l\u2019attrattivit\u00e0, nonch\u00e9 (iii) per rilevare eventuali problemi tecnici il prima possibile.<\/p>\n<p>Detti trattamenti trovano la propria base giuridica nel legittimo interesse della Societ\u00e0 al miglioramento dei propri prodotti e dei propri servizi digitali, e risulta compatibile con la posizione degli interessati in quanto: (a) il monitoraggio del funzionamento del Sito e i dati statistici correlati al suo utilizzo non comporta identificazione diretta; e (b) l\u2019interesse della Societ\u00e0 appare ragionevolmente essere proprio anche degli Utenti, i quali potranno cos\u00ec fruire di un Sito sempre pi\u00f9<br \/>performante e ottimizzato.<\/p>\n<p><strong>I Dati trasmessi volontariamente dagli Utenti<\/strong>, saranno utilizzati esclusivamente per: (i) dare un riscontro alla richiesta di estensione della garanzia per un prodotto acquistato da parte dell\u2019Utente; (ii) inviare una newsletter informativa agli utenti.<\/p>\n<p>La base giuridica del presente trattamento \u00e8 la necessit\u00e0 di rispondere alle richieste degli Utenti, eseguire misure precontrattuali ed eventualmente contrattuali adottate su richiesta dell\u2019Utente, e di adempiere ai connessi obblighi di legge; nonch\u00e9 lo specifico consenso per quanto riguarda l\u2019invio della newsletter.<\/p>\n<p><strong>4 \u2013 Destinatari della comunicazione dei Dati Personali<\/strong><\/p>\n<p>I Dati Personali saranno comunicati e potranno essere conosciuti (i) da dipendenti e collaboratori della Societ\u00e0, debitamente istruiti e\/o designati al trattamento; e (ii) da soggetti terzi che prestano servizi accessori o strumentali alle attivit\u00e0 della Societ\u00e0, in relazione allo sviluppo, l\u2019erogazione, la manutenzione e la gestione operativa del Sito, specificamente nominati responsabili del trattamento.<\/p>\n<p><strong>5 \u2013 Luogo del trattamento e trasferimento all\u2019estero dei Dati Personali<\/strong><\/p>\n<p>Il trattamento dei Dati Personali dell\u2019Utente avr\u00e0 luogo presso la sopraindicata sede della Societ\u00e0, e i Dati Personali saranno conservati presso server siti all\u2019interno dell\u2019Unione Europea.<\/p>\n<p>Eventuali ulteriori trasferimenti dei Dati Personali all\u2019estero avverr\u00e0, se verso Paesi che non beneficiano di una decisione di adeguatezza della Commissione Europea e che, quindi, non offrono un livello di protezione adeguato ai dati personali, soltanto (i) previa adozione di opportune garanzie quali, a titolo esemplificativo, la sottoscrizione delle clausole tipo approvate dalla Commissione Europea, o (ii) al ricorrere di una deroga al divieto di trasferimenti al di fuori dell\u2019Unione Europea e, quindi, sempre a titolo esemplificativo, previa raccolta del consenso\u00a0esplicito ed informato dell\u2019Utente, o ancora soltanto nella misura in cui sia necessario all\u2019esecuzione di un contratto concluso tra l\u2019Utente e la Societ\u00e0, o tra la Societ\u00e0 e un terzo a beneficio dell\u2019Utente, ovvero all\u2019esecuzione di misure precontrattuali adottate su istanza dell\u2019Utente.<\/p>\n<p><strong>6 \u2013 Modalit\u00e0 del trattamento, misure di sicurezza e periodo di\u00a0 conservazione dei\u00a0Dati Personali<\/strong><\/p>\n<p>I Dati Personali saranno trattati sia in forma cartacea sia con strumenti elettronici, informatici o automatizzati, tramite sistemi che ne assicurano la protezione, la sicurezza e la riservatezza.<\/p>\n<p>La Societ\u00e0, inoltre, ha adottato specifiche e adeguate misure di sicurezza logiche, giuridiche organizzative e tecniche per prevenire la perdita dei Dati Personali, usi illeciti o non consentiti degli stessi e accessi non autorizzati<\/p>\n<p>I Dati di Navigazione \u2013 che non consentono l\u2019identificazione degli Utenti \u2013 non persistono per pi\u00f9 di 1 settimana e vengono cancellati immediatamente dopo la loro aggregazione (salve eventuali necessit\u00e0 di accertamento di reati da parte dell\u2019Autorit\u00e0 Giudiziaria competente);<\/p>\n<p>I Dati Comunicati saranno conservati per periodi di tempo maggiori laddove necessario a: (i) dare esecuzione alle misure contrattuali\/precontrattuali e per tutta la durata dell\u2019eventuale rapporto contrattuale con la Societ\u00e0; (ii) adempiere ad obblighi statutari e\/o di legge; nonch\u00e9 (iii) ad assicurare la tutela giudiziaria dei diritti della Societ\u00e0, nel rispetto dei termini di prescrizione ordinari.<\/p>\n<p><strong>7 \u2013 I diritti dell\u2019Utente<\/strong><br \/>Gli Utenti, quali interessati (ossia, soggetti a cui si riferiscono i Dati), sono titolari di diritti conferiti dal GDPR. In particolare, ai sensi degli art. 12-23 del GDPR, gli interessati hanno il diritto di chiedere e ottenere, in qualunque momento, l\u2019accesso ai propri dati personali, informazioni sul trattamento effettuato, la rettifica e\/o l\u2019aggiornamento dei dati personali, la cancellazione e la limitazione del trattamento. Inoltre, hanno anche il diritto di opporsi al trattamento e di chiedere la portabilit\u00e0 dei dati (cio\u00e8 ricevere i dati personali in un formato strutturato di uso comune, leggibile da dispositivi automatici). Infine, gli interessati, ove lo abbiano prestato, hanno sempre il diritto di revocare il proprio consenso in qualsiasi momento (ci\u00f2, in ogni caso, non pregiudicher\u00e0 la liceit\u00e0 dei trattamenti effettuati sulla base del consenso reso prima della revoca) e di proporre reclamo a un\u2019autorit\u00e0 di controllo (in Italia: il Garante per la Protezione dei Dati Personali).<\/p>\n<p><strong>8 \u2013 Dati di contatto<\/strong><br \/>I diritti di cui sopra potranno essere esercitati in ogni momento, mediante semplice richiesta al Titolare, da trasmettere:<br \/>\u2013 all\u2019indirizzo e-mail\u00a0<a href=\"mailto:farosalotti@gmail.com\">farosalotti@gmail.com<\/a><br \/>\u2013 all\u2019indirizzo Via Guglielmo Marconi, 74 35010<br \/>Villanova di Camposampiero (PD).<\/p>\n<p>Per altre informazioni o chiarimenti sui diritti menzionati, \u00e8 possibile contattare le Societ\u00e0 ai medesimi recapiti.<\/p>\n<p>* * * * * * *<\/p>\n<p>La Societ\u00e0 potr\u00e0 modificare la presente informativa per adeguarla a futuri ampliamenti o future modifiche del Sito.<\/p>\n<p>Informazioni aggiornate in data 21 Dicembre 2022<\/p>\n\t\t\t\t<\/div>\n\t\t\t<\/div><\/div>\t\t\t\t<\/div>\n\t\t\t\t<\/div>\n\t\t\t\t\t<\/div>\n\t\t\t\t<\/div>\n\t\t\t\t<\/div>\n\t\t","protected":false},"excerpt":{"rendered":"<p>PRIVACY POLICY INFORMAZIONI SUL TRATTAMENTO DEI DATI PERSONALI ai sensi dell\u2019Art. 13 del Regolamento (UE) 679\/2016 (il \u201cGDPR\u201d) In questa pagina sono descritte le caratteristiche del trattamento dei dati personali degli utenti (gli \u201cUtenti\u201d) del sito web https:\/\/www.faro.it (il \u201cSito\u201d). * * * * * * * Le informazioni che trovi in questa pagina non [&hellip;]<\/p>\n","protected":false},"author":1,"featured_media":0,"parent":0,"menu_order":0,"comment_status":"closed","ping_status":"closed","template":"elementor_canvas","meta":{"footnotes":""},"class_list":["post-447","page","type-page","status-publish","hentry"],"_links":{"self":[{"href":"https:\/\/falegnameriafaro.it\/index.php\/wp-json\/wp\/v2\/pages\/447","targetHints":{"allow":["GET"]}}],"collection":[{"href":"https:\/\/falegnameriafaro.it\/index.php\/wp-json\/wp\/v2\/pages"}],"about":[{"href":"https:\/\/falegnameriafaro.it\/index.php\/wp-json\/wp\/v2\/types\/page"}],"author":[{"embeddable":true,"href":"https:\/\/falegnameriafaro.it\/index.php\/wp-json\/wp\/v2\/users\/1"}],"replies":[{"embeddable":true,"href":"https:\/\/falegnameriafaro.it\/index.php\/wp-json\/wp\/v2\/comments?post=447"}],"version-history":[{"count":7,"href":"https:\/\/falegnameriafaro.it\/index.php\/wp-json\/wp\/v2\/pages\/447\/revisions"}],"predecessor-version":[{"id":535,"href":"https:\/\/falegnameriafaro.it\/index.php\/wp-json\/wp\/v2\/pages\/447\/revisions\/535"}],"wp:attachment":[{"href":"https:\/\/falegnameriafaro.it\/index.php\/wp-json\/wp\/v2\/media?parent=447"}],"curies":[{"name":"wp","href":"https:\/\/api.w.org\/{rel}","templated":true}]}}