{"id":466,"date":"2025-07-16T17:16:03","date_gmt":"2025-07-16T16:16:03","guid":{"rendered":"https:\/\/falegnameriafaro.it\/?page_id=466"},"modified":"2025-07-22T13:35:56","modified_gmt":"2025-07-22T12:35:56","slug":"cookie-policy","status":"publish","type":"page","link":"https:\/\/falegnameriafaro.it\/index.php\/cookie-policy\/","title":{"rendered":"Cookie Policy"},"content":{"rendered":"\t\t<div data-elementor-type=\"wp-page\" data-elementor-id=\"466\" class=\"elementor elementor-466\">\n\t\t\t\t<div class=\"elementor-element elementor-element-2cffaefa e-flex e-con-boxed e-con e-parent\" data-id=\"2cffaefa\" data-element_type=\"container\" data-settings=\"{&quot;background_background&quot;:&quot;classic&quot;}\">\n\t\t\t\t\t<div class=\"e-con-inner\">\n\t\t\t\t<div class=\"elementor-element elementor-element-62e7bae2 elementor-widget__width-initial elementor-widget elementor-widget-elementskit-heading\" data-id=\"62e7bae2\" data-element_type=\"widget\" data-widget_type=\"elementskit-heading.default\">\n\t\t\t\t\t<div class=\"ekit-wid-con\" ><div class=\"ekit-heading elementskit-section-title-wraper text_left   ekit_heading_tablet-   ekit_heading_mobile-\"><h1 class=\"ekit-heading--title elementskit-section-title \">COOKIE POLICY<\/h1><\/div><\/div>\t\t\t\t<\/div>\n\t\t\t\t\t<\/div>\n\t\t\t\t<\/div>\n\t\t<div class=\"elementor-element elementor-element-5bc66e8d e-flex e-con-boxed e-con e-parent\" data-id=\"5bc66e8d\" data-element_type=\"container\">\n\t\t\t\t\t<div class=\"e-con-inner\">\n\t\t<div class=\"elementor-element elementor-element-3faeb845 e-con-full e-flex e-con e-child\" data-id=\"3faeb845\" data-element_type=\"container\">\n\t\t\t\t<div class=\"elementor-element elementor-element-541aa7e1 elementor-widget elementor-widget-elementskit-heading\" data-id=\"541aa7e1\" data-element_type=\"widget\" data-widget_type=\"elementskit-heading.default\">\n\t\t\t\t\t<div class=\"ekit-wid-con\" ><div class=\"ekit-heading elementskit-section-title-wraper text_left   ekit_heading_tablet-   ekit_heading_mobile-\"><h2 class=\"ekit-heading--title elementskit-section-title \">Proseguendo la navigazione lei accetta le condizioni della privacy e la cookie policy<\/h2>\t\t\t\t<div class='ekit-heading__description'>\n\t\t\t\t\t<div class=\"elementor-element elementor-element-e15059e elementor-widget elementor-widget-heading\">\n<div class=\"elementor-widget-container\">\n<h3 class=\"elementor-heading-title elementor-size-default\">INFORMATIVA SUI COOKIES<\/h3>\n<\/div>\n<\/div>\n\n<div class=\"elementor-container elementor-column-gap-default\">\n<div class=\"elementor-column elementor-col-100 elementor-inner-column elementor-element elementor-element-20ee31d\">\n<div class=\"elementor-widget-wrap elementor-element-populated\">\n<div class=\"elementor-element elementor-element-b7b4092 elementor-widget elementor-widget-text-editor\">\n<div class=\"elementor-widget-container\">\n<h5>1. Introduzione<\/h5>\n<p>1.1 L\u2019Informativa sui Cookie (\u201cInformativa\u201d) si applica al presente sito web (\u201cSito web\u201d) e a qualsiasi altro sito web, alle pagine che recano i nostri marchi su piattaforme di terze parti (come Facebook o YouTube) e alle applicazioni accessibili o utilizzate attraverso tali siti web o piattaforme di terze parti (\u201cSiti Fa.Ro. SRL\u201c), che sono gestiti da o per conto di Fa.Ro. SRL (di seguito \u201cFa.Ro\u201d, \u201cnoi\u201d, \u201cci\u201d, \u201cnostra\/o\/e\/i\u201d). La presente Informativa descrive le modalit\u00e0 con cui raccogliamo e trattiamo le informazioni degli utenti sul sito di Fa.Ro SRL attraverso l\u2019utilizzo di cookie, pixel tag, web beacon, identificatori univoci e tecnologie simili e il termine \u201ccookie\u201d si riferisce a tutte queste tecnologie collettivamente.<\/p>\n<h5>2. Che cos\u2019\u00e8 un cookie?<\/h5>\n<p>I Suoi dati personali sono trattati:<\/p>\n<p>A) Senza il Suo consenso espresso ex art. 6 lett. b), e) GDPR, per le seguenti Finalit\u00e0 di Servizio: \u2013 finalit\u00e0 inerenti l\u2019esecuzione del contratto di fornitura concluso con il Titolare e\/o per adempiere agli oneri precontrattuali derivanti dai rapporti in essere;<\/p>\n<p>\u2013 Adempimento di un obbligo legale al quale \u00e8 soggetto il Titolare del trattamento;<\/p>\n<p>\u2013 Adempimento degli obblighi previsti dalla legge, da un regolamento, dalla normativa comunitaria o da un ordine dell\u2019Autorit\u00e0 (come ad esempio in materia di antiriciclaggio);<\/p>\n<p>\u2013 Perseguimento di un legittimo interesse del Titolare inerente l\u2019esecuzione del contratto posto in essere, quale a titolo meramente esemplificativo, la difesa in giudizio dei propri diritti derivanti dall\u2019esecuzione del contratto concluso.<\/p>\n<p>B) Solo previo Suo specifico e distinto consenso ex art. 7 GDPR, per le seguenti Finalit\u00e0 di Marketing:<\/p>\n<p>\u2013 invio di email informative, sms e\/o contatti telefonici a scopo promozionale, newsletter, comunicazioni commerciali e\/o materiale pubblicitario su prodotti e\/o servizi offerti dal Titolare e rilevazione del grado di soddisfazione sulla qualit\u00e0 dei servizi;<\/p>\n<p>\u2013 invio da parte di soggetti terzi di email informative, sms e\/o contatti telefonici a scopo promozionale, newsletter, comunicazioni commerciali e\/o materiale pubblicitario su prodotti e\/o servizi offerti dal Titolare.<\/p>\n<p>C) Solo previo Suo specifico ed esplicito consenso ex art. 22 GDPR ai fini della rilevazione del grado di soddisfazione sulla qualit\u00e0 dei servizi da parte di soggetti terzi (a mero titolo esemplificativo business partners, social networks) nonch\u00e9 attivit\u00e0 di profilazione.<\/p>\n<p><strong>Le segnaliamo che se siete gi\u00e0 nostri clienti, potremo inviarLe comunicazioni commerciali relative a servizi e prodotti del Titolare analoghi a quelli di cui ha gi\u00e0 usufruito, salvo Suo dissenso.<\/strong><\/p>\n<h5>3. Modalit\u00e0 del trattamento e periodo di conservazione dei dati<\/h5>\n<p>I dati possono essere sottoposti a trattamento sia cartaceo che elettronico e\/o automatizzato e precisamente per mezzo delle operazioni di raccolta, registrazione, organizzazione, conservazione, consultazione, elaborazione, modificazione, selezione, estrazione, raffronto, utilizzo, interconnessione, blocco, cancellazione e distruzione dei dati.<\/p>\n<p>I dati sono conservati per il periodo necessario ad adempiere le finalit\u00e0 inerenti all\u2019esecuzione del contratto e comunque non oltre dieci anni dalla cessazione del rapporto per le finalit\u00e0 inerenti gli adempimenti agli obblighi previsti dalla legge e\/o dal perseguimento degli interessi legittimi del Titolare.<\/p>\n<p>I dati trattati per finalit\u00e0 attinenti la profilazione e\/o il marketing in tutte le sue forme vengono conservati per non oltre 5 anni dalla raccolta dei dati.<\/p>\n<h5>4. Accesso ai dati<\/h5>\n<p>I Suoi dati potranno essere resi accessibili per le finalit\u00e0 di cui all\u2019art. 2.A), 2.B) e 2.C):<\/p>\n<p>\u2013 a dipendenti e collaboratori del Titolare o delle societ\u00e0 del gruppo in Italia e all\u2019estero, nella loro qualit\u00e0 di incaricati e\/o responsabili interni del trattamento e\/o amministratori di sistema;<\/p>\n<p>\u2013 a societ\u00e0 terze o altri soggetti (a titolo indicativo, istituti di credito, studi professionali, consulenti, societ\u00e0 di assicurazione per la prestazione di servizi assicurativi, etc.) che svolgono attivit\u00e0 in outsourcing per conto del Titolare, nella loro qualit\u00e0 di responsabili esterni del trattamento.<\/p>\n<h5>5. Destinatari dei dati<\/h5>\n<p>I Suoi dati, inoltre, potranno essere comunicati a soggetti terzi, per esigenze tecniche ed operative strettamente collegate alle finalit\u00e0 sopra enunciate ed in particolare alle seguenti categorie di soggetti:<\/p>\n<p>a) Enti, professionisti, societ\u00e0 od altre strutture da noi incaricate dei trattamenti connessi all\u2019adempimento degli obblighi amministrativi, contabili e gestionali legati all\u2019ordinario svolgimento della nostra attivit\u00e0 economica, anche per finalit\u00e0 di recupero credito;<\/p>\n<p>b) Alle pubbliche autorit\u00e0 ed amministrazioni per le finalit\u00e0 connesse all\u2019adempimento di obblighi legali o ai soggetti legittimati ad accedervi in forza di disposizioni di legge, regolamenti, normative comunitarie;<\/p>\n<p>c) Banche, istituti finanziari o altri soggetti ai quali il trasferimento dei suddetti dati risulti necessario allo svolgimento dell\u2019attivit\u00e0 della nostra azienda in relazione all\u2019assolvimento, da parte nostra, delle obbligazioni contrattuali assunte nei Vs. confronti.<\/p>\n<p>d) Fornitori di servizi di installazione, assistenza e manutenzione di impianti e sistemi informatici e telematici e di tutti i servizi funzionalmente connessi e necessari per l\u2019adempimento delle prestazioni oggetto del Contratto.<\/p>\n<h5>6. Trasferimento dati<\/h5>\n<p>I dati personali sono conservati su server ubicati all\u2019interno dell\u2019Unione Europea. Resta in ogni caso inteso che il Titolare, ove si rendesse necessario, avr\u00e0 facolt\u00e0 di spostare i server anche extra \u2013 UE. In tal caso, il Titolare assicura sin d\u2019ora che il trasferimento dei dati extra \u2013 UE avverr\u00e0 in conformit\u00e0 alle disposizioni di legge applicabili, previa stipula delle clausole contrattuali standard previste dalla Commissione Europea.<\/p>\n<h5>7. Natura del conferimento dei dati e conseguenze del rifiuto di rispondere<\/h5>\n<p>Il conferimento dei dati per le finalit\u00e0 di cui all\u2019art. 2.A) \u00e8 necessario alla conclusione del contratto di fornitura. In caso di mancata comunicazione il Titolare non potr\u00e0 garantire i Servizi di cui all\u2019art. 2.A).<\/p>\n<p>Il conferimento dei dati per le finalit\u00e0 di cui all\u2019art. 2.B) \u00e8 invece facoltativo.<\/p>\n<p>L\u2019interessato pu\u00f2 pertanto decidere di non conferire alcun dato o di negare successivamente la possibilit\u00e0 di trattare dati gi\u00e0 forniti: in tal caso, non verranno effettuate le comunicazioni di cui all\u2019art. 2.B)<\/p>\n<h5>8. Diritti dell\u2019interessato<\/h5>\n<p>La informiamo che in merito al trattamento dei Suoi dati personali Lei potr\u00e0 esercitare i seguenti diritti:<\/p>\n<p>a) Diritto di ottenere l\u2019accesso ai dati personali e alle seguenti informazioni: \u2013 la conferma che sia o meno in corso il trattamento di propri dati personali; \u2013 le finalit\u00e0 del trattamento;<\/p>\n<p>\u2013 le categorie di dati personali;<\/p>\n<p>\u2013 i destinatari o le categorie di destinatari a cui i dati personali sono stati o saranno comunicati;<\/p>\n<p>\u2013 qualora i dati non siano raccolti presso l\u2019interessato, tutte le informazioni disponibili sulla loro origine;<\/p>\n<p>\u2013 l\u2019esistenza di un processo decisionale automatizzato, compresa la profilazione; \u2013 una copia dei dati personali oggetto di trattamento.<\/p>\n<p>b) Diritto di rettifica ed integrazione dei dati personali;<\/p>\n<p>c) Diritto alla cancellazione dei dati (\u00abdiritto all\u2019oblio\u00bb) se sussiste uno dei seguenti motivi:<\/p>\n<p>1. I dati personali non sono pi\u00f9 necessari rispetto alle finalit\u00e0 per le quali sono stati raccolti o altrimenti trattati;<\/p>\n<p>2. L\u2019interessato revoca il consenso al trattamento dei dati e non sussiste altro fondamento giuridico per il trattamento;<\/p>\n<p>3. L\u2019interessato si oppone al trattamento e non sussiste alcun motivo legittimo prevalente per procedere al trattamento;<\/p>\n<p>4. I dati personali sono stati trattati illecitamente;<\/p>\n<p>5. I dati personali devono essere cancellati per adempiere un obbligo legale previsto dal diritto dell\u2019Unione o dello Stato membro cui \u00e8 soggetto il titolare del trattamento;<\/p>\n<p>Il titolare del trattamento, se ha reso pubblici dati personali ed \u00e8 obbligato a cancellarli, deve informare gli altri titolari che trattano i dati personali della richiesta di cancellare qualsiasi link, copia o riproduzione dei suoi dati.<\/p>\n<p>d) Diritto alla limitazione del trattamento nel caso in cui:<\/p>\n<p>1. L\u2019interessato contesti l\u2019esattezza dei dati personali, per il periodo necessario al titolare del trattamento per verificare l\u2019esattezza di tali dati personali;<\/p>\n<p>2. Il trattamento \u00e8 illecito e l\u2019interessato si oppone alla cancellazione dei dati personali e chiede invece che ne sia limitato l\u2019utilizzo;<\/p>\n<p>3. Bench\u00e9 il titolare del trattamento non ne abbia pi\u00f9 bisogno ai fini del trattamento, i dati personali sono necessari all\u2019interessato per l\u2019accertamento, l\u2019esercizio o la difesa di un diritto in sede giudiziaria;<\/p>\n<p>4. L\u2019interessato si \u00e8 opposto al trattamento, in attesa della verifica in merito all\u2019eventuale prevalenza dei motivi legittimi del titolare del trattamento rispetto a quelli dell\u2019interessato.<\/p>\n<p>e) Diritto di proporre un reclamo al Garante per la protezione dei dati personali, seguendo le procedure e le indicazioni pubblicate sul sito web ufficiale dell\u2019Autorit\u00e0 www.garanteprivacy.it.<\/p>\n<p>f) Diritto alla portabilit\u00e0 del dato:<\/p>\n<p>ovvero il diritto di ricevere in un formato strutturato, di uso comune e leggibile da dispositivo automatico i dati personali che lo riguardano forniti a un titolare del trattamento ed eventualmente trasmetterli a un altro titolare del trattamento, qualora il trattamento si basi sul consenso o su un contratto e sia effettuato con mezzi automatizzati. Ove tecnicamente possibile, l\u2019interessato ha il diritto di ottenere la trasmissione diretta dei dati da un titolare del trattamento ad un altro.<\/p>\n<p>g) Diritto di opporsi:<\/p>\n<p>in qualsiasi momento al trattamento dei dati personali, compresa la profilazione, in particolare nel caso in cui:<\/p>\n<p>1. Il trattamento avviene sulla base del legittimo interesse del titolare, previa esplicitazione dei motivi dell\u2019opposizione;<\/p>\n<p>2. I dati personali sono trattati per finalit\u00e0 di marketing diretto.<\/p>\n<p>h) Diritto di non essere sottoposto a una decisione basata unicamente sul trattamento automatizzato, compresa la profilazione, salvo nei casi in cui la decisione:<\/p>\n<p>sia necessaria per la conclusione o l\u2019esecuzione di un contratto tra l\u2019interessato e un titolare del trattamento, sia autorizzata dal diritto dell\u2019Unione o dello Stato membro cui \u00e8 soggetto il titolare del trattamento o si basi sul consenso esplicito dell\u2019interessato.<\/p>\n<p>i) Diritto di revocare il consenso in qualsiasi momento;<\/p>\n<p>ovviamente con ogni conseguenza derivante dall\u2019impossibilit\u00e0 di poter adempiere a disposizioni legislative o contrattuali se il trattamento \u00e8 stabilito da tali disposizioni.<\/p>\n<p>L\u2019esercizio dei diritti non \u00e8 soggetto ad alcun vincolo di forma ed \u00e8 gratuito.<\/p>\n<h5>9. Modalit\u00e0 di esercizio dei diritti<\/h5>\n<p>Potr\u00e0 in qualsiasi momento esercitare i diritti inviando:<\/p>\n<ul>\n<li>una raccomandata a.r. a :<\/li>\n<\/ul>\n<p>Fa.Ro. srl, con sede legale in Via Guglielmo Marconi, 74 35010 Villanova di Camposampiero (PD), C.F. e P.iva: 01400510283 \u00a0persona del legale rappresentante pro tempore, con sede in Villanova di Camposampiero (PD), Via G. Marconi 74, CAP 35010.<\/p>\n<ul>\n<li>una e-mail all\u2019indirizzo: <br \/>\u00a0farosalotti@gmail.com<\/li>\n<\/ul>\n<h5>10. Titolare del trattamento<\/h5>\n<p>FA.RO S.R.L.<br \/>Via G. Marconi n. 74,<br \/>35010 Villanova di Camposampiero (PD)<br \/>ITALIA<br \/>C.F. e P.IVA 01400510283<\/p>\n<p><em>L\u2019elenco aggiornato dei responsabili dei trattamento \u00e8 custodito presso la sede legale del Titolare del trattamento.<\/em><\/p>\n<\/div>\n<\/div>\n<\/div>\n<\/div>\n<\/div>\n\n\t\t\t\t<\/div>\n\t\t\t<\/div><\/div>\t\t\t\t<\/div>\n\t\t\t\t<\/div>\n\t\t\t\t\t<\/div>\n\t\t\t\t<\/div>\n\t\t\t\t<\/div>\n\t\t","protected":false},"excerpt":{"rendered":"<p>COOKIE POLICY Proseguendo la navigazione lei accetta le condizioni della privacy e la cookie policy INFORMATIVA SUI COOKIES 1. Introduzione 1.1 L\u2019Informativa sui Cookie (\u201cInformativa\u201d) si applica al presente sito web (\u201cSito web\u201d) e a qualsiasi altro sito web, alle pagine che recano i nostri marchi su piattaforme di terze parti (come Facebook o YouTube) [&hellip;]<\/p>\n","protected":false},"author":1,"featured_media":0,"parent":0,"menu_order":0,"comment_status":"closed","ping_status":"closed","template":"elementor_canvas","meta":{"footnotes":""},"class_list":["post-466","page","type-page","status-publish","hentry"],"_links":{"self":[{"href":"https:\/\/falegnameriafaro.it\/index.php\/wp-json\/wp\/v2\/pages\/466","targetHints":{"allow":["GET"]}}],"collection":[{"href":"https:\/\/falegnameriafaro.it\/index.php\/wp-json\/wp\/v2\/pages"}],"about":[{"href":"https:\/\/falegnameriafaro.it\/index.php\/wp-json\/wp\/v2\/types\/page"}],"author":[{"embeddable":true,"href":"https:\/\/falegnameriafaro.it\/index.php\/wp-json\/wp\/v2\/users\/1"}],"replies":[{"embeddable":true,"href":"https:\/\/falegnameriafaro.it\/index.php\/wp-json\/wp\/v2\/comments?post=466"}],"version-history":[{"count":10,"href":"https:\/\/falegnameriafaro.it\/index.php\/wp-json\/wp\/v2\/pages\/466\/revisions"}],"predecessor-version":[{"id":532,"href":"https:\/\/falegnameriafaro.it\/index.php\/wp-json\/wp\/v2\/pages\/466\/revisions\/532"}],"wp:attachment":[{"href":"https:\/\/falegnameriafaro.it\/index.php\/wp-json\/wp\/v2\/media?parent=466"}],"curies":[{"name":"wp","href":"https:\/\/api.w.org\/{rel}","templated":true}]}}